{"id":2173,"date":"2017-10-04T08:13:18","date_gmt":"2017-10-04T08:13:18","guid":{"rendered":"https:\/\/watchcity.ch\/engagement\/"},"modified":"2018-09-21T22:18:14","modified_gmt":"2018-09-21T22:18:14","slug":"engagement","status":"publish","type":"page","link":"https:\/\/watchcity.ch\/fr\/engagement\/","title":{"rendered":"Engagement"},"content":{"rendered":"<h2 style=\"margin-top: 70px;padding:0 15px;\">Membership<\/h2>\n<p style=\"padding:0 15px;\">Nous vous in\u00advi\u00adtons donc \u00e0 sou\u00adte\u00adnir vous aus\u00adsi Watch Ci\u00adty. Vous avez le choix entre diff\u00e9rentes cat\u00e9go\u00adries d\u2019adh\u00e9sion, la co\u00adti\u00adsa\u00adtion al\u00adlant de 2000 \u00e0 20 000 francs suisses. En rejoi\u00adg\u00adnant Watch Ci\u00adty vous b\u00e9n\u00e9fi\u00adciez d\u2019un ou\u00adtil pu\u00adb\u00adli\u00adci\u00adtaire ef\u00adfi\u00adcace et avan\u00adta\u00adgeux: \u00e0 chaque \u00e9v\u00e9ne\u00adment des clubs sou\u00adte\u00adnus, Watch Ci\u00adty se\u00adra vi\u00adsible, sou\u00adli\u00adg\u00adnant votre en\u00adga\u00adge\u00adment en fa\u00adveur du club et de la r\u00e9gion. Pre\u00adnez part \u00e0 une ini\u00adtia\u00adtive qui va don\u00adner un nou\u00advel \u00e9lan \u00e0 la ville et \u00e0 l\u2019in\u00addus\u00adt\u00adrie hor\u00adlog\u00e8re. Par\u00adta\u00adgez du temps avec vos amis. Et as\u00adsis\u00adtez \u00e0 des matchs pas\u00adsion\u00adnants.<\/p>\n<div id=\"container-xl\" class=\"clearfix\" style=\"margin-top: 30px;\">\n<div class=\"con-1\">\n<div class=\"con-left\">\n<div class=\"con-img-1\">\n<p>Bronze<\/p>\n<\/div>\n<div class=\"con-1-header\"><span class=\"preis\"><sup>CHF.<\/sup> 2\u2019000.-<\/span><\/div>\n<\/div>\n<div class=\"con-right\">\n<div class=\"con-space\"><\/div>\n<div class=\"con-content\">\n<p><span class=\"con-text-1 conx\">2x<\/span><br \/>\nEntr\u00e9es tribune<br \/>\nFC BIEL\/BIENNE<\/p>\n<p>Participation \u00e0 l&rsquo;AG<br \/>\n<span class=\"con-text-1\">incl. 1 souper<\/span><\/p>\n<p>\u00c9v\u00e9nement d&rsquo;\u00e9t\u00e9<br \/>\n<span class=\"con-text-1\">2 Invitations<\/span><\/p>\n<p>Invitation Gala<br \/>\n<span class=\"con-text-1\">&#8211;<\/span><\/p>\n<p>Loge<br \/>\n<span class=\"con-text-1\">&#8211;<\/span><\/p>\n<p class=\"con-moba\">Events supple\u00e9mentaires<br \/>\n<span class=\"con-text-1\">payants<\/span><\/p>\n<\/div>\n<div class=\"con-space-2\"><\/div>\n<\/div>\n<\/div>\n<div class=\"con-2\">\n<div class=\"con-left\">\n<div class=\"con-img-2\">\n<p>Silver<\/p>\n<\/div>\n<div class=\"con-2-header\"><span class=\"preis\"><sup>CHF.<\/sup> 3\u2019000.-<\/span><\/div>\n<\/div>\n<div class=\"con-right\">\n<div class=\"con-space\"><\/div>\n<div class=\"con-content\">\n<p><span class=\"con-text-2 conx\">3x<\/span><br \/>\nEntr\u00e9es tribune<br \/>\nFC BIEL\/BIENNE<\/p>\n<p>Participation \u00e0 l&rsquo;AG<br \/>\n<span class=\"con-text-2\">incl. 1 souper<\/span><\/p>\n<p>\u00c9v\u00e9nement d&rsquo;\u00e9t\u00e9<br \/>\n<span class=\"con-text-2\">3 Invitations<\/span><\/p>\n<p>Invitation Gala<br \/>\n<span class=\"con-text-2\">&#8211;<\/span><\/p>\n<p>Loge<br \/>\n<span class=\"con-text-2\">&#8211;<\/span><\/p>\n<p class=\"con-moba\">Events supple\u00e9mentaires<br \/>\n<span class=\"con-text-2\">payants<\/span><\/p>\n<\/div>\n<div class=\"con-space-2\"><\/div>\n<\/div>\n<\/div>\n<div class=\"con-3\">\n<div class=\"con-left\">\n<div class=\"con-img-3\">\n<p>Gold<\/p>\n<\/div>\n<div class=\"con-3-header\"><span class=\"preis\"><sup>CHF.<\/sup> 5\u2019000.-<\/span><\/div>\n<\/div>\n<div class=\"con-right\">\n<div class=\"con-space\"><\/div>\n<div class=\"con-content\">\n<p><span class=\"con-text-3 conx\">4x<\/span><br \/>\nEntr\u00e9es tribune<br \/>\nFC BIEL\/BIENNE<\/p>\n<p>Participation \u00e0 l&rsquo;AG<br \/>\n<span class=\"con-text-3\">incl. 1 souper<\/span><\/p>\n<p>\u00c9v\u00e9nement d&rsquo;\u00e9t\u00e9<br \/>\n<span class=\"con-text-3\">4 Invitations<\/span><\/p>\n<p>Invitation Gala<br \/>\n<span class=\"con-text-3\">1 person gratuite<\/span><\/p>\n<p>Loge<br \/>\n<span class=\"con-text-3\">&#8211;<\/span><\/p>\n<p class=\"con-moba\">Events supple\u00e9mentaires<br \/>\n<span class=\"con-text-3\">payants<\/span><\/p>\n<\/div>\n<div class=\"con-space-2\"><\/div>\n<\/div>\n<\/div>\n<div class=\"con-4\">\n<div class=\"con-left\">\n<div class=\"con-img-4\">\n<p>Platinum<\/p>\n<\/div>\n<div class=\"con-4-header\"><span class=\"preis\"><sup>CHF.<\/sup> 10\u2019000.-<\/span><\/div>\n<\/div>\n<div class=\"con-right\">\n<div class=\"con-space\"><\/div>\n<div class=\"con-content\">\n<p><span class=\"con-text-4 conx\">5x<\/span><br \/>\nEntr\u00e9es tribune<br \/>\nFC BIEL\/BIENNE<\/p>\n<p>Participation \u00e0 l&rsquo;AG<br \/>\n<span class=\"con-text-4\">incl. 2 souper<\/span><\/p>\n<p>\u00c9v\u00e9nement d&rsquo;\u00e9t\u00e9<br \/>\n<span class=\"con-text-4\">6 Invitations<\/span><\/p>\n<p>Invitation Gala<br \/>\n<span class=\"con-text-4\">2 persones gratuite<\/span><\/p>\n<p>Loge<br \/>\n<span class=\"con-text-4\">1 (a 12 personnes)<\/span><\/p>\n<p class=\"con-moba\">Events supple\u00e9mentaires<br \/>\n<span class=\"con-text-4\">payants<\/span><\/p>\n<\/div>\n<div class=\"con-space-2\"><\/div>\n<\/div>\n<\/div>\n<div class=\"con-5\">\n<div class=\"con-left\">\n<div class=\"con-img-5\">\n<p>Diamond<\/p>\n<\/div>\n<div class=\"con-5-header\"><span class=\"preis\"><sup>CHF.<\/sup> 20\u2019000.-<\/span><\/div>\n<\/div>\n<div class=\"con-right\">\n<div class=\"con-space\"><\/div>\n<div class=\"con-content\">\n<p><span class=\"con-text-5 conx\">6x<\/span><br \/>\nEntr\u00e9es tribune<br \/>\nFC BIEL\/BIENNE<\/p>\n<p>Participation \u00e0 l&rsquo;AG<br \/>\n<span class=\"con-text-5\">incl. 4 souper<\/span><\/p>\n<p>\u00c9v\u00e9nement d&rsquo;\u00e9t\u00e9<br \/>\n<span class=\"con-text-5\">8 Invitations<\/span><\/p>\n<p>Invitation Gala<br \/>\n<span class=\"con-text-5\">4 persones gratuite<\/span><\/p>\n<p>Loge<br \/>\n<span class=\"con-text-5\">2 (a 12 personnes)<\/span><\/p>\n<p class=\"con-moba\">Events supple\u00e9mentaires<br \/>\n<span class=\"con-text-5\">payants<\/span><\/p>\n<\/div>\n<div class=\"con-space-2\"><\/div>\n<\/div>\n<\/div>\n<div class=\"con-6\">\n<div class=\"con-text-6\">\n<p>Events supple\u00e9mentaires payants<\/p>\n<\/div>\n<\/div>\n<\/div>\n","protected":false},"excerpt":{"rendered":"<p>Membership Nous vous in\u00advi\u00adtons donc \u00e0 sou\u00adte\u00adnir vous aus\u00adsi Watch Ci\u00adty. Vous avez le choix entre diff\u00e9rentes cat\u00e9go\u00adries d\u2019adh\u00e9sion, la co\u00adti\u00adsa\u00adtion al\u00adlant de 2000 \u00e0 20 000 francs suisses. En rejoi\u00adg\u00adnant Watch Ci\u00adty vous b\u00e9n\u00e9fi\u00adciez d\u2019un ou\u00adtil pu\u00adb\u00adli\u00adci\u00adtaire ef\u00adfi\u00adcace et avan\u00adta\u00adgeux: \u00e0 chaque \u00e9v\u00e9ne\u00adment des clubs sou\u00adte\u00adnus, Watch Ci\u00adty se\u00adra vi\u00adsible, sou\u00adli\u00adg\u00adnant votre en\u00adga\u00adge\u00adment en&#8230;  <a class=\"excerpt-read-more\" href=\"https:\/\/watchcity.ch\/fr\/engagement\/\" title=\"Read Engagement\">Read more &raquo;<\/a><\/p>\n","protected":false},"author":2,"featured_media":0,"parent":0,"menu_order":0,"comment_status":"closed","ping_status":"closed","template":"page-engagement.php","meta":[],"acf":[],"yoast_head":"<!-- This site is optimized with the Yoast SEO plugin v18.1 - https:\/\/yoast.com\/wordpress\/plugins\/seo\/ -->\n<meta name=\"robots\" content=\"index, follow, max-snippet:-1, max-image-preview:large, max-video-preview:-1\" \/>\n<link rel=\"canonical\" href=\"https:\/\/watchcity.ch\/fr\/engagement\/\" \/>\n<meta property=\"og:locale\" content=\"fr_FR\" \/>\n<meta property=\"og:type\" content=\"article\" \/>\n<meta property=\"og:title\" content=\"Engagement - Watchcity\" \/>\n<meta property=\"og:description\" content=\"Membership Nous vous in\u00advi\u00adtons donc \u00e0 sou\u00adte\u00adnir vous aus\u00adsi Watch Ci\u00adty. Vous avez le choix entre diff\u00e9rentes cat\u00e9go\u00adries d\u2019adh\u00e9sion, la co\u00adti\u00adsa\u00adtion al\u00adlant de 2000 \u00e0 20 000 francs suisses. En rejoi\u00adg\u00adnant Watch Ci\u00adty vous b\u00e9n\u00e9fi\u00adciez d\u2019un ou\u00adtil pu\u00adb\u00adli\u00adci\u00adtaire ef\u00adfi\u00adcace et avan\u00adta\u00adgeux: \u00e0 chaque \u00e9v\u00e9ne\u00adment des clubs sou\u00adte\u00adnus, Watch Ci\u00adty se\u00adra vi\u00adsible, sou\u00adli\u00adg\u00adnant votre en\u00adga\u00adge\u00adment en... Read more &raquo;\" \/>\n<meta property=\"og:url\" content=\"https:\/\/watchcity.ch\/fr\/engagement\/\" \/>\n<meta property=\"og:site_name\" content=\"Watchcity\" \/>\n<meta property=\"article:modified_time\" content=\"2018-09-21T22:18:14+00:00\" \/>\n<meta name=\"twitter:card\" content=\"summary\" \/>\n<meta name=\"twitter:label1\" content=\"Dur\u00e9e de lecture estim\u00e9e\" \/>\n\t<meta name=\"twitter:data1\" content=\"1 minute\" \/>\n<script type=\"application\/ld+json\" class=\"yoast-schema-graph\">{\"@context\":\"https:\/\/schema.org\",\"@graph\":[{\"@type\":\"WebSite\",\"@id\":\"https:\/\/watchcity.ch\/#website\",\"url\":\"https:\/\/watchcity.ch\/\",\"name\":\"Watchcity\",\"description\":\"\",\"potentialAction\":[{\"@type\":\"SearchAction\",\"target\":{\"@type\":\"EntryPoint\",\"urlTemplate\":\"https:\/\/watchcity.ch\/?s={search_term_string}\"},\"query-input\":\"required name=search_term_string\"}],\"inLanguage\":\"fr-FR\"},{\"@type\":\"WebPage\",\"@id\":\"https:\/\/watchcity.ch\/fr\/engagement\/#webpage\",\"url\":\"https:\/\/watchcity.ch\/fr\/engagement\/\",\"name\":\"Engagement - Watchcity\",\"isPartOf\":{\"@id\":\"https:\/\/watchcity.ch\/#website\"},\"datePublished\":\"2017-10-04T08:13:18+00:00\",\"dateModified\":\"2018-09-21T22:18:14+00:00\",\"breadcrumb\":{\"@id\":\"https:\/\/watchcity.ch\/fr\/engagement\/#breadcrumb\"},\"inLanguage\":\"fr-FR\",\"potentialAction\":[{\"@type\":\"ReadAction\",\"target\":[\"https:\/\/watchcity.ch\/fr\/engagement\/\"]}]},{\"@type\":\"BreadcrumbList\",\"@id\":\"https:\/\/watchcity.ch\/fr\/engagement\/#breadcrumb\",\"itemListElement\":[{\"@type\":\"ListItem\",\"position\":1,\"name\":\"Home\",\"item\":\"https:\/\/watchcity.ch\/fr\/\"},{\"@type\":\"ListItem\",\"position\":2,\"name\":\"Engagement\"}]}]}<\/script>\n<!-- \/ Yoast SEO plugin. -->","yoast_head_json":{"robots":{"index":"index","follow":"follow","max-snippet":"max-snippet:-1","max-image-preview":"max-image-preview:large","max-video-preview":"max-video-preview:-1"},"canonical":"https:\/\/watchcity.ch\/fr\/engagement\/","og_locale":"fr_FR","og_type":"article","og_title":"Engagement - Watchcity","og_description":"Membership Nous vous in\u00advi\u00adtons donc \u00e0 sou\u00adte\u00adnir vous aus\u00adsi Watch Ci\u00adty. Vous avez le choix entre diff\u00e9rentes cat\u00e9go\u00adries d\u2019adh\u00e9sion, la co\u00adti\u00adsa\u00adtion al\u00adlant de 2000 \u00e0 20 000 francs suisses. En rejoi\u00adg\u00adnant Watch Ci\u00adty vous b\u00e9n\u00e9fi\u00adciez d\u2019un ou\u00adtil pu\u00adb\u00adli\u00adci\u00adtaire ef\u00adfi\u00adcace et avan\u00adta\u00adgeux: \u00e0 chaque \u00e9v\u00e9ne\u00adment des clubs sou\u00adte\u00adnus, Watch Ci\u00adty se\u00adra vi\u00adsible, sou\u00adli\u00adg\u00adnant votre en\u00adga\u00adge\u00adment en... Read more &raquo;","og_url":"https:\/\/watchcity.ch\/fr\/engagement\/","og_site_name":"Watchcity","article_modified_time":"2018-09-21T22:18:14+00:00","twitter_card":"summary","twitter_misc":{"Dur\u00e9e de lecture estim\u00e9e":"1 minute"},"schema":{"@context":"https:\/\/schema.org","@graph":[{"@type":"WebSite","@id":"https:\/\/watchcity.ch\/#website","url":"https:\/\/watchcity.ch\/","name":"Watchcity","description":"","potentialAction":[{"@type":"SearchAction","target":{"@type":"EntryPoint","urlTemplate":"https:\/\/watchcity.ch\/?s={search_term_string}"},"query-input":"required name=search_term_string"}],"inLanguage":"fr-FR"},{"@type":"WebPage","@id":"https:\/\/watchcity.ch\/fr\/engagement\/#webpage","url":"https:\/\/watchcity.ch\/fr\/engagement\/","name":"Engagement - Watchcity","isPartOf":{"@id":"https:\/\/watchcity.ch\/#website"},"datePublished":"2017-10-04T08:13:18+00:00","dateModified":"2018-09-21T22:18:14+00:00","breadcrumb":{"@id":"https:\/\/watchcity.ch\/fr\/engagement\/#breadcrumb"},"inLanguage":"fr-FR","potentialAction":[{"@type":"ReadAction","target":["https:\/\/watchcity.ch\/fr\/engagement\/"]}]},{"@type":"BreadcrumbList","@id":"https:\/\/watchcity.ch\/fr\/engagement\/#breadcrumb","itemListElement":[{"@type":"ListItem","position":1,"name":"Home","item":"https:\/\/watchcity.ch\/fr\/"},{"@type":"ListItem","position":2,"name":"Engagement"}]}]}},"_links":{"self":[{"href":"https:\/\/watchcity.ch\/fr\/wp-json\/wp\/v2\/pages\/2173"}],"collection":[{"href":"https:\/\/watchcity.ch\/fr\/wp-json\/wp\/v2\/pages"}],"about":[{"href":"https:\/\/watchcity.ch\/fr\/wp-json\/wp\/v2\/types\/page"}],"author":[{"embeddable":true,"href":"https:\/\/watchcity.ch\/fr\/wp-json\/wp\/v2\/users\/2"}],"replies":[{"embeddable":true,"href":"https:\/\/watchcity.ch\/fr\/wp-json\/wp\/v2\/comments?post=2173"}],"version-history":[{"count":10,"href":"https:\/\/watchcity.ch\/fr\/wp-json\/wp\/v2\/pages\/2173\/revisions"}],"predecessor-version":[{"id":4046,"href":"https:\/\/watchcity.ch\/fr\/wp-json\/wp\/v2\/pages\/2173\/revisions\/4046"}],"wp:attachment":[{"href":"https:\/\/watchcity.ch\/fr\/wp-json\/wp\/v2\/media?parent=2173"}],"curies":[{"name":"wp","href":"https:\/\/api.w.org\/{rel}","templated":true}]}}